{"id":5164,"date":"2024-10-30T07:29:50","date_gmt":"2024-10-30T11:29:50","guid":{"rendered":"https:\/\/formations.groupeevie.com\/?post_type=product&#038;p=5164"},"modified":"2026-01-16T11:44:55","modified_gmt":"2026-01-16T16:44:55","slug":"introduction-a-lentretien-motivationnel","status":"publish","type":"product","link":"https:\/\/formations.groupeevie.com\/fr-fr\/produit\/introduction-a-lentretien-motivationnel\/","title":{"rendered":"Introduction \u00e0 l&#8217;entretien motivationnel"},"content":{"rendered":"<p>Ceci est la description de la formation Bacon ipsum dolor amet prosciutto boudin strip steak picanha spare ribs short ribs tongue landjaeger pork chop venison alcatra shoulder ham hock. Alcatra sirloin flank boudin kevin short loin swine short ribs. Chuck prosciutto pastrami fatback tail pork t-bone frankfurter burgdoggen andouille jowl short ribs beef pork chop landjaeger. Capicola pastrami meatloaf cupim. Kielbasa ham hock corned beef porchetta boudin, burgdoggen biltong t-bone tail shankle pork picanha chuck rump sausage. Turkey flank buffalo, beef tenderloin boudin fatback.<\/p>\n","protected":false},"excerpt":{"rendered":"<p>Bacon ipsum dolor amet prosciutto boudin strip steak picanha spare ribs short ribs tongue landjaeger pork chop venison alcatra shoulder ham hock.<\/p>\n","protected":false},"author":5,"featured_media":5165,"template":"","meta":{"_acf_changed":false,"inline_featured_image":false,"advgb_blocks_editor_width":"","advgb_blocks_columns_visual_guide":"","_price":"1","_stock":"","_tribe_ticket_header":"","_tribe_default_ticket_provider":"","_tribe_ticket_capacity":"","_ticket_start_date":"","_ticket_end_date":"","_tribe_ticket_show_description":"","_tribe_ticket_show_not_going":false,"_tribe_ticket_use_global_stock":"","_tribe_ticket_global_stock_level":"","_global_stock_mode":"","_global_stock_cap":"","_tribe_rsvp_for_event":"","_tribe_ticket_going_count":"","_tribe_ticket_not_going_count":"","_tribe_tickets_list":"[]","_tribe_ticket_has_attendee_info_fields":false},"product_brand":[],"product_cat":[],"product_tag":[],"class_list":{"0":"post-5164","1":"product","2":"type-product","3":"status-publish","4":"has-post-thumbnail","7":"first","8":"instock","9":"virtual","10":"sold-individually","11":"taxable","12":"purchasable","13":"product-type-course"},"acf":[],"yoast_head":"<!-- This site is optimized with the Yoast SEO plugin v27.2 - https:\/\/yoast.com\/product\/yoast-seo-wordpress\/ -->\n<title>Introduction \u00e0 l&#039;entretien motivationnel - Groupe \u00c9vie<\/title>\n<meta name=\"robots\" content=\"noindex, nofollow\" \/>\n<meta property=\"og:locale\" content=\"fr_FR\" \/>\n<meta property=\"og:type\" content=\"article\" \/>\n<meta property=\"og:title\" content=\"Introduction \u00e0 l&#039;entretien motivationnel - Groupe \u00c9vie\" \/>\n<meta property=\"og:description\" content=\"Bacon ipsum dolor amet prosciutto boudin strip steak picanha spare ribs short ribs tongue landjaeger pork chop venison alcatra shoulder ham hock.\" \/>\n<meta property=\"og:url\" content=\"https:\/\/formations.groupeevie.com\/fr-fr\/produit\/introduction-a-lentretien-motivationnel\/\" \/>\n<meta property=\"og:site_name\" content=\"Groupe \u00c9vie\" \/>\n<meta property=\"article:modified_time\" content=\"2026-01-16T16:44:55+00:00\" \/>\n<meta property=\"og:image\" content=\"https:\/\/formations.groupeevie.com\/wp-content\/uploads\/2024\/10\/image-formation-em-v1.jpg\" \/>\n\t<meta property=\"og:image:width\" content=\"1640\" \/>\n\t<meta property=\"og:image:height\" content=\"925\" \/>\n\t<meta property=\"og:image:type\" content=\"image\/jpeg\" \/>\n<meta name=\"twitter:card\" content=\"summary_large_image\" \/>\n<meta name=\"twitter:label1\" content=\"Dur\u00e9e de lecture estim\u00e9e\" \/>\n\t<meta name=\"twitter:data1\" content=\"1 minute\" \/>\n<script type=\"application\/ld+json\" class=\"yoast-schema-graph\">{\"@context\":\"https:\/\/schema.org\",\"@graph\":[{\"@type\":\"WebPage\",\"@id\":\"https:\/\/formations.groupeevie.com\/fr-fr\/produit\/introduction-a-lentretien-motivationnel\/\",\"url\":\"https:\/\/formations.groupeevie.com\/fr-fr\/produit\/introduction-a-lentretien-motivationnel\/\",\"name\":\"Introduction \u00e0 l'entretien motivationnel - Groupe \u00c9vie\",\"isPartOf\":{\"@id\":\"https:\/\/formations.groupeevie.com\/fr-fr\/#website\"},\"primaryImageOfPage\":{\"@id\":\"https:\/\/formations.groupeevie.com\/fr-fr\/produit\/introduction-a-lentretien-motivationnel\/#primaryimage\"},\"image\":{\"@id\":\"https:\/\/formations.groupeevie.com\/fr-fr\/produit\/introduction-a-lentretien-motivationnel\/#primaryimage\"},\"thumbnailUrl\":\"https:\/\/formations.groupeevie.com\/wp-content\/uploads\/2024\/10\/image-formation-em-v1.jpg\",\"datePublished\":\"2024-10-30T11:29:50+00:00\",\"dateModified\":\"2026-01-16T16:44:55+00:00\",\"breadcrumb\":{\"@id\":\"https:\/\/formations.groupeevie.com\/fr-fr\/produit\/introduction-a-lentretien-motivationnel\/#breadcrumb\"},\"inLanguage\":\"fr-FR\",\"potentialAction\":[{\"@type\":\"ReadAction\",\"target\":[\"https:\/\/formations.groupeevie.com\/fr-fr\/produit\/introduction-a-lentretien-motivationnel\/\"]}]},{\"@type\":\"ImageObject\",\"inLanguage\":\"fr-FR\",\"@id\":\"https:\/\/formations.groupeevie.com\/fr-fr\/produit\/introduction-a-lentretien-motivationnel\/#primaryimage\",\"url\":\"https:\/\/formations.groupeevie.com\/wp-content\/uploads\/2024\/10\/image-formation-em-v1.jpg\",\"contentUrl\":\"https:\/\/formations.groupeevie.com\/wp-content\/uploads\/2024\/10\/image-formation-em-v1.jpg\",\"width\":1640,\"height\":925},{\"@type\":\"BreadcrumbList\",\"@id\":\"https:\/\/formations.groupeevie.com\/fr-fr\/produit\/introduction-a-lentretien-motivationnel\/#breadcrumb\",\"itemListElement\":[{\"@type\":\"ListItem\",\"position\":1,\"name\":\"Catalogue de formations\",\"item\":\"https:\/\/formations.groupeevie.com\/fr-fr\/formations\/\"},{\"@type\":\"ListItem\",\"position\":2,\"name\":\"Introduction \u00e0 l&#8217;entretien motivationnel\"}]},{\"@type\":\"WebSite\",\"@id\":\"https:\/\/formations.groupeevie.com\/fr-fr\/#website\",\"url\":\"https:\/\/formations.groupeevie.com\/fr-fr\/\",\"name\":\"Groupe \u00c9vie\",\"description\":\"Au coeur de la sant\u00e9 mentale\",\"publisher\":{\"@id\":\"https:\/\/formations.groupeevie.com\/fr-fr\/#organization\"},\"potentialAction\":[{\"@type\":\"SearchAction\",\"target\":{\"@type\":\"EntryPoint\",\"urlTemplate\":\"https:\/\/formations.groupeevie.com\/fr-fr\/?s={search_term_string}\"},\"query-input\":{\"@type\":\"PropertyValueSpecification\",\"valueRequired\":true,\"valueName\":\"search_term_string\"}}],\"inLanguage\":\"fr-FR\"},{\"@type\":\"Organization\",\"@id\":\"https:\/\/formations.groupeevie.com\/fr-fr\/#organization\",\"name\":\"Groupe \u00c9vie\",\"url\":\"https:\/\/formations.groupeevie.com\/fr-fr\/\",\"logo\":{\"@type\":\"ImageObject\",\"inLanguage\":\"fr-FR\",\"@id\":\"https:\/\/formations.groupeevie.com\/fr-fr\/#\/schema\/logo\/image\/\",\"url\":\"https:\/\/formations.groupeevie.com\/wp-content\/uploads\/2022\/05\/EVIE-logo_rvb-2.png\",\"contentUrl\":\"https:\/\/formations.groupeevie.com\/wp-content\/uploads\/2022\/05\/EVIE-logo_rvb-2.png\",\"width\":1414,\"height\":611,\"caption\":\"Groupe \u00c9vie\"},\"image\":{\"@id\":\"https:\/\/formations.groupeevie.com\/fr-fr\/#\/schema\/logo\/image\/\"}}]}<\/script>\n<!-- \/ Yoast SEO plugin. -->","yoast_head_json":{"title":"Introduction \u00e0 l'entretien motivationnel - Groupe \u00c9vie","robots":{"index":"noindex","follow":"nofollow"},"og_locale":"fr_FR","og_type":"article","og_title":"Introduction \u00e0 l'entretien motivationnel - Groupe \u00c9vie","og_description":"Bacon ipsum dolor amet prosciutto boudin strip steak picanha spare ribs short ribs tongue landjaeger pork chop venison alcatra shoulder ham hock.","og_url":"https:\/\/formations.groupeevie.com\/fr-fr\/produit\/introduction-a-lentretien-motivationnel\/","og_site_name":"Groupe \u00c9vie","article_modified_time":"2026-01-16T16:44:55+00:00","og_image":[{"width":1640,"height":925,"url":"https:\/\/formations.groupeevie.com\/wp-content\/uploads\/2024\/10\/image-formation-em-v1.jpg","type":"image\/jpeg"}],"twitter_card":"summary_large_image","twitter_misc":{"Dur\u00e9e de lecture estim\u00e9e":"1 minute"},"schema":{"@context":"https:\/\/schema.org","@graph":[{"@type":"WebPage","@id":"https:\/\/formations.groupeevie.com\/fr-fr\/produit\/introduction-a-lentretien-motivationnel\/","url":"https:\/\/formations.groupeevie.com\/fr-fr\/produit\/introduction-a-lentretien-motivationnel\/","name":"Introduction \u00e0 l'entretien motivationnel - Groupe \u00c9vie","isPartOf":{"@id":"https:\/\/formations.groupeevie.com\/fr-fr\/#website"},"primaryImageOfPage":{"@id":"https:\/\/formations.groupeevie.com\/fr-fr\/produit\/introduction-a-lentretien-motivationnel\/#primaryimage"},"image":{"@id":"https:\/\/formations.groupeevie.com\/fr-fr\/produit\/introduction-a-lentretien-motivationnel\/#primaryimage"},"thumbnailUrl":"https:\/\/formations.groupeevie.com\/wp-content\/uploads\/2024\/10\/image-formation-em-v1.jpg","datePublished":"2024-10-30T11:29:50+00:00","dateModified":"2026-01-16T16:44:55+00:00","breadcrumb":{"@id":"https:\/\/formations.groupeevie.com\/fr-fr\/produit\/introduction-a-lentretien-motivationnel\/#breadcrumb"},"inLanguage":"fr-FR","potentialAction":[{"@type":"ReadAction","target":["https:\/\/formations.groupeevie.com\/fr-fr\/produit\/introduction-a-lentretien-motivationnel\/"]}]},{"@type":"ImageObject","inLanguage":"fr-FR","@id":"https:\/\/formations.groupeevie.com\/fr-fr\/produit\/introduction-a-lentretien-motivationnel\/#primaryimage","url":"https:\/\/formations.groupeevie.com\/wp-content\/uploads\/2024\/10\/image-formation-em-v1.jpg","contentUrl":"https:\/\/formations.groupeevie.com\/wp-content\/uploads\/2024\/10\/image-formation-em-v1.jpg","width":1640,"height":925},{"@type":"BreadcrumbList","@id":"https:\/\/formations.groupeevie.com\/fr-fr\/produit\/introduction-a-lentretien-motivationnel\/#breadcrumb","itemListElement":[{"@type":"ListItem","position":1,"name":"Catalogue de formations","item":"https:\/\/formations.groupeevie.com\/fr-fr\/formations\/"},{"@type":"ListItem","position":2,"name":"Introduction \u00e0 l&#8217;entretien motivationnel"}]},{"@type":"WebSite","@id":"https:\/\/formations.groupeevie.com\/fr-fr\/#website","url":"https:\/\/formations.groupeevie.com\/fr-fr\/","name":"Groupe \u00c9vie","description":"Au coeur de la sant\u00e9 mentale","publisher":{"@id":"https:\/\/formations.groupeevie.com\/fr-fr\/#organization"},"potentialAction":[{"@type":"SearchAction","target":{"@type":"EntryPoint","urlTemplate":"https:\/\/formations.groupeevie.com\/fr-fr\/?s={search_term_string}"},"query-input":{"@type":"PropertyValueSpecification","valueRequired":true,"valueName":"search_term_string"}}],"inLanguage":"fr-FR"},{"@type":"Organization","@id":"https:\/\/formations.groupeevie.com\/fr-fr\/#organization","name":"Groupe \u00c9vie","url":"https:\/\/formations.groupeevie.com\/fr-fr\/","logo":{"@type":"ImageObject","inLanguage":"fr-FR","@id":"https:\/\/formations.groupeevie.com\/fr-fr\/#\/schema\/logo\/image\/","url":"https:\/\/formations.groupeevie.com\/wp-content\/uploads\/2022\/05\/EVIE-logo_rvb-2.png","contentUrl":"https:\/\/formations.groupeevie.com\/wp-content\/uploads\/2022\/05\/EVIE-logo_rvb-2.png","width":1414,"height":611,"caption":"Groupe \u00c9vie"},"image":{"@id":"https:\/\/formations.groupeevie.com\/fr-fr\/#\/schema\/logo\/image\/"}}]}},"featured_img":"https:\/\/formations.groupeevie.com\/wp-content\/uploads\/2024\/10\/image-formation-em-v1.jpg","coauthors":[],"author_meta":{"author_link":"https:\/\/formations.groupeevie.com\/fr-fr\/espace-evie\/author\/guillaume-larochegroupeevie-com\/","display_name":"Guillaume Laroche"},"relative_dates":{"created":"Publi\u00e9 1 an il y a","modified":"Mis \u00e0 jour 3 mois il y a"},"absolute_dates":{"created":"Publi\u00e9 le 30 octobre 2024","modified":"Mise \u00e0 jour le 16 janvier 2026"},"absolute_dates_time":{"created":"Publi\u00e9 le 30 octobre 2024 7h29","modified":"Mise \u00e0 jour le 16 janvier 2026 11h44"},"featured_img_caption":"","tax_additional":{"product_brand":{"linked":[],"unlinked":[],"slug":"product_brand","name":"Marques"},"product_type":{"linked":["<a href=\"https:\/\/formations.groupeevie.com\/fr-fr\/?taxonomy=product_type&#038;term=course\" class=\"advgb-post-tax-term\">course<\/a>"],"unlinked":["<span class=\"advgb-post-tax-term\">course<\/span>"],"slug":"product_type","name":"Type de produit"},"product_visibility":{"linked":[],"unlinked":[],"slug":"product_visibility","name":"Visibilit\u00e9 du produit"},"product_cat":{"linked":[],"unlinked":[],"slug":"product_cat","name":"Cat\u00e9gories de produits"},"product_tag":{"linked":[],"unlinked":[],"slug":"product_tag","name":"\u00c9tiquettes produit"},"product_shipping_class":{"linked":[],"unlinked":[],"slug":"product_shipping_class","name":"Classe d\u2019exp\u00e9dition du produit"},"pos_product_visibility":{"linked":[],"unlinked":[],"slug":"pos_product_visibility","name":"Visibilit\u00e9 du produit sur le point de vente"},"translation_priority":{"linked":["<a href=\"https:\/\/formations.groupeevie.com\/fr-fr\/?taxonomy=translation_priority&#038;term=facultatif-fr-fr\" class=\"advgb-post-tax-term\">Facultatif<\/a>"],"unlinked":["<span class=\"advgb-post-tax-term\">Facultatif<\/span>"],"slug":"translation_priority","name":"Priorit\u00e9s de traduction"}},"series_order":"","_links":{"self":[{"href":"https:\/\/formations.groupeevie.com\/fr-fr\/wp-json\/wp\/v2\/product\/5164","targetHints":{"allow":["GET"]}}],"collection":[{"href":"https:\/\/formations.groupeevie.com\/fr-fr\/wp-json\/wp\/v2\/product"}],"about":[{"href":"https:\/\/formations.groupeevie.com\/fr-fr\/wp-json\/wp\/v2\/types\/product"}],"wp:featuredmedia":[{"embeddable":true,"href":"https:\/\/formations.groupeevie.com\/fr-fr\/wp-json\/wp\/v2\/media\/5165"}],"wp:attachment":[{"href":"https:\/\/formations.groupeevie.com\/fr-fr\/wp-json\/wp\/v2\/media?parent=5164"}],"wp:term":[{"taxonomy":"product_brand","embeddable":true,"href":"https:\/\/formations.groupeevie.com\/fr-fr\/wp-json\/wp\/v2\/product_brand?post=5164"},{"taxonomy":"product_cat","embeddable":true,"href":"https:\/\/formations.groupeevie.com\/fr-fr\/wp-json\/wp\/v2\/product_cat?post=5164"},{"taxonomy":"product_tag","embeddable":true,"href":"https:\/\/formations.groupeevie.com\/fr-fr\/wp-json\/wp\/v2\/product_tag?post=5164"}],"curies":[{"name":"wp","href":"https:\/\/api.w.org\/{rel}","templated":true}]}}